{"id":131,"date":"2019-01-28T11:57:58","date_gmt":"2019-01-28T11:57:58","guid":{"rendered":"http:\/\/rima-box.com\/?page_id=131"},"modified":"2019-01-28T11:57:58","modified_gmt":"2019-01-28T11:57:58","slug":"farben-und-beleuchtung","status":"publish","type":"page","link":"https:\/\/rima-box.com\/?page_id=131","title":{"rendered":"Farben und Beleuchtung"},"content":{"rendered":"\n<p>Bei modernen Fahrzeugen der Oberklasse sind die Seitenablagen in den T\u00fcren mit LED Leuchten beleuchtet.  Bei den meisten Fahrzeugen l\u00e4\u00dft sich auch die Farbe dieser LED\u00b4s ver\u00e4ndern.  Hier sehen Sie einige Aufnahmen aus einem BMW 5er mit der RIMA-BOX. Die  schwarze RIMA-BOX ist quasi unsichtbar. Aber die wei\u00df\/transparente und die rot transparente Box sieht im Dunklen sehr sch\u00f6n aus. <\/p>\n\n\n\n<figure class=\"wp-block-image\"><img decoding=\"async\" loading=\"lazy\" width=\"1024\" height=\"768\" src=\"http:\/\/rima-box.com\/wp-content\/uploads\/2019\/01\/IMG_0831_edit-1024x768.jpg\" alt=\"\" class=\"wp-image-136\" srcset=\"https:\/\/rima-box.com\/wp-content\/uploads\/2019\/01\/IMG_0831_edit-1024x768.jpg 1024w, https:\/\/rima-box.com\/wp-content\/uploads\/2019\/01\/IMG_0831_edit-300x225.jpg 300w, https:\/\/rima-box.com\/wp-content\/uploads\/2019\/01\/IMG_0831_edit-768x576.jpg 768w, https:\/\/rima-box.com\/wp-content\/uploads\/2019\/01\/IMG_0831_edit-350x263.jpg 350w\" sizes=\"(max-width: 706px) 89vw, (max-width: 767px) 82vw, 740px\" \/><figcaption>Rot mit rot-transparenter RIMA-BOX<\/figcaption><\/figure>\n\n\n\n<figure class=\"wp-block-image\"><img decoding=\"async\" loading=\"lazy\" width=\"1024\" height=\"768\" src=\"http:\/\/rima-box.com\/wp-content\/uploads\/2019\/01\/IMG_0965-1024x768.jpg\" alt=\"\" class=\"wp-image-134\" srcset=\"https:\/\/rima-box.com\/wp-content\/uploads\/2019\/01\/IMG_0965-1024x768.jpg 1024w, https:\/\/rima-box.com\/wp-content\/uploads\/2019\/01\/IMG_0965-300x225.jpg 300w, https:\/\/rima-box.com\/wp-content\/uploads\/2019\/01\/IMG_0965-768x576.jpg 768w, https:\/\/rima-box.com\/wp-content\/uploads\/2019\/01\/IMG_0965-350x263.jpg 350w\" sizes=\"(max-width: 706px) 89vw, (max-width: 767px) 82vw, 740px\" \/><figcaption>Lila mit wei\u00df-transparenter RIMA-BOX<\/figcaption><\/figure>\n\n\n\n<figure class=\"wp-block-image\"><img decoding=\"async\" loading=\"lazy\" width=\"1024\" height=\"768\" src=\"http:\/\/rima-box.com\/wp-content\/uploads\/2019\/01\/IMG_0962-1024x768.jpg\" alt=\"\" class=\"wp-image-133\" srcset=\"https:\/\/rima-box.com\/wp-content\/uploads\/2019\/01\/IMG_0962-1024x768.jpg 1024w, https:\/\/rima-box.com\/wp-content\/uploads\/2019\/01\/IMG_0962-300x225.jpg 300w, https:\/\/rima-box.com\/wp-content\/uploads\/2019\/01\/IMG_0962-768x576.jpg 768w, https:\/\/rima-box.com\/wp-content\/uploads\/2019\/01\/IMG_0962-350x263.jpg 350w\" sizes=\"(max-width: 706px) 89vw, (max-width: 767px) 82vw, 740px\" \/><figcaption>Gr\u00fcn mit wei\u00df-transparenter RIMA-BOX<\/figcaption><\/figure>\n\n\n\n<figure class=\"wp-block-image\"><img decoding=\"async\" loading=\"lazy\" width=\"1024\" height=\"768\" src=\"http:\/\/rima-box.com\/wp-content\/uploads\/2019\/01\/IMG_0960-1024x768.jpg\" alt=\"\" class=\"wp-image-132\" srcset=\"https:\/\/rima-box.com\/wp-content\/uploads\/2019\/01\/IMG_0960-1024x768.jpg 1024w, https:\/\/rima-box.com\/wp-content\/uploads\/2019\/01\/IMG_0960-300x225.jpg 300w, https:\/\/rima-box.com\/wp-content\/uploads\/2019\/01\/IMG_0960-768x576.jpg 768w, https:\/\/rima-box.com\/wp-content\/uploads\/2019\/01\/IMG_0960-350x263.jpg 350w\" sizes=\"(max-width: 706px) 89vw, (max-width: 767px) 82vw, 740px\" \/><figcaption>Blau mit wei\u00df-transparenter RIMA-BOX<\/figcaption><\/figure>\n","protected":false},"excerpt":{"rendered":"<p>Bei modernen Fahrzeugen der Oberklasse sind die Seitenablagen in den T\u00fcren mit LED Leuchten beleuchtet. Bei den meisten Fahrzeugen l\u00e4\u00dft sich auch die Farbe dieser LED\u00b4s ver\u00e4ndern. Hier sehen Sie einige Aufnahmen aus einem BMW 5er mit der RIMA-BOX. Die schwarze RIMA-BOX ist quasi unsichtbar. Aber die wei\u00df\/transparente und die rot transparente Box sieht im &hellip; <\/p>\n<p class=\"link-more\"><a href=\"https:\/\/rima-box.com\/?page_id=131\" class=\"more-link\"><span class=\"screen-reader-text\">\u201eFarben und Beleuchtung\u201c<\/span> weiterlesen<\/a><\/p>\n","protected":false},"author":1,"featured_media":0,"parent":0,"menu_order":0,"comment_status":"closed","ping_status":"closed","template":"","meta":[],"_links":{"self":[{"href":"https:\/\/rima-box.com\/index.php?rest_route=\/wp\/v2\/pages\/131"}],"collection":[{"href":"https:\/\/rima-box.com\/index.php?rest_route=\/wp\/v2\/pages"}],"about":[{"href":"https:\/\/rima-box.com\/index.php?rest_route=\/wp\/v2\/types\/page"}],"author":[{"embeddable":true,"href":"https:\/\/rima-box.com\/index.php?rest_route=\/wp\/v2\/users\/1"}],"replies":[{"embeddable":true,"href":"https:\/\/rima-box.com\/index.php?rest_route=%2Fwp%2Fv2%2Fcomments&post=131"}],"version-history":[{"count":1,"href":"https:\/\/rima-box.com\/index.php?rest_route=\/wp\/v2\/pages\/131\/revisions"}],"predecessor-version":[{"id":137,"href":"https:\/\/rima-box.com\/index.php?rest_route=\/wp\/v2\/pages\/131\/revisions\/137"}],"wp:attachment":[{"href":"https:\/\/rima-box.com\/index.php?rest_route=%2Fwp%2Fv2%2Fmedia&parent=131"}],"curies":[{"name":"wp","href":"https:\/\/api.w.org\/{rel}","templated":true}]}}