{"id":20,"date":"2019-01-21T16:39:43","date_gmt":"2019-01-21T16:39:43","guid":{"rendered":"http:\/\/rima-box.com\/?post_type=product&#038;p=20"},"modified":"2019-01-28T21:12:29","modified_gmt":"2019-01-28T21:12:29","slug":"rima-box-fuer-mercedes-e-klasse-w212-bj-2015-2017","status":"publish","type":"product","link":"https:\/\/rima-box.com\/?product=rima-box-fuer-mercedes-e-klasse-w212-bj-2015-2017","title":{"rendered":"RIMA-BOX f\u00fcr Mercedes E-Klasse W212  Bj. 2015-2017"},"content":{"rendered":"<p>&nbsp;<\/p>\n<p>Hier die verf\u00fcgbaren drei Farbvarianten, weitere Farben auf Anfrage<\/p>\n<p><img decoding=\"async\" loading=\"lazy\" class=\"alignnone size-medium wp-image-124\" src=\"http:\/\/rima-box.com\/wp-content\/uploads\/2019\/01\/IMG_1302-300x160.jpg\" alt=\"\" width=\"300\" height=\"160\" srcset=\"https:\/\/rima-box.com\/wp-content\/uploads\/2019\/01\/IMG_1302-300x160.jpg 300w, https:\/\/rima-box.com\/wp-content\/uploads\/2019\/01\/IMG_1302-768x411.jpg 768w, https:\/\/rima-box.com\/wp-content\/uploads\/2019\/01\/IMG_1302-1024x548.jpg 1024w, https:\/\/rima-box.com\/wp-content\/uploads\/2019\/01\/IMG_1302-350x187.jpg 350w\" sizes=\"(max-width: 300px) 100vw, 300px\" \/><\/p>\n<p>F\u00fcr die E-Klasse mit den geraden Sicken \u00fcber dem Hinterrad&#8230;<\/p>\n<p><img decoding=\"async\" loading=\"lazy\" class=\"alignnone size-medium wp-image-126\" src=\"http:\/\/rima-box.com\/wp-content\/uploads\/2019\/01\/W212Heckansicht_mit_gerader_Sicke-300x166.jpg\" alt=\"\" width=\"300\" height=\"166\" srcset=\"https:\/\/rima-box.com\/wp-content\/uploads\/2019\/01\/W212Heckansicht_mit_gerader_Sicke-300x166.jpg 300w, https:\/\/rima-box.com\/wp-content\/uploads\/2019\/01\/W212Heckansicht_mit_gerader_Sicke-768x425.jpg 768w, https:\/\/rima-box.com\/wp-content\/uploads\/2019\/01\/W212Heckansicht_mit_gerader_Sicke-1024x567.jpg 1024w, https:\/\/rima-box.com\/wp-content\/uploads\/2019\/01\/W212Heckansicht_mit_gerader_Sicke-350x194.jpg 350w\" sizes=\"(max-width: 300px) 100vw, 300px\" \/><\/p>\n","protected":false},"excerpt":{"rendered":"<p>&nbsp; Hier die verf\u00fcgbaren drei Farbvarianten, weitere Farben auf Anfrage F\u00fcr die E-Klasse mit den geraden Sicken \u00fcber dem Hinterrad&#8230;<\/p>\n","protected":false},"featured_media":28,"template":"","meta":[],"product_cat":[15],"product_tag":[],"_links":{"self":[{"href":"https:\/\/rima-box.com\/index.php?rest_route=\/wp\/v2\/product\/20"}],"collection":[{"href":"https:\/\/rima-box.com\/index.php?rest_route=\/wp\/v2\/product"}],"about":[{"href":"https:\/\/rima-box.com\/index.php?rest_route=\/wp\/v2\/types\/product"}],"wp:featuredmedia":[{"embeddable":true,"href":"https:\/\/rima-box.com\/index.php?rest_route=\/wp\/v2\/media\/28"}],"wp:attachment":[{"href":"https:\/\/rima-box.com\/index.php?rest_route=%2Fwp%2Fv2%2Fmedia&parent=20"}],"wp:term":[{"taxonomy":"product_cat","embeddable":true,"href":"https:\/\/rima-box.com\/index.php?rest_route=%2Fwp%2Fv2%2Fproduct_cat&post=20"},{"taxonomy":"product_tag","embeddable":true,"href":"https:\/\/rima-box.com\/index.php?rest_route=%2Fwp%2Fv2%2Fproduct_tag&post=20"}],"curies":[{"name":"wp","href":"https:\/\/api.w.org\/{rel}","templated":true}]}}